{"id":1539,"date":"2021-04-16T16:11:58","date_gmt":"2021-04-16T14:11:58","guid":{"rendered":"http:\/\/philao.fr\/?page_id=1539"},"modified":"2026-01-14T16:07:53","modified_gmt":"2026-01-14T15:07:53","slug":"devenir-formateur-occasionnel","status":"publish","type":"page","link":"http:\/\/philao.fr\/?page_id=1539","title":{"rendered":"Devenir formateur occasionnel"},"content":{"rendered":"\n<p><strong>OBJECTIFS DE FORMATION<\/strong><\/p>\n\n\n\n<p>Apprendre \u00e0 concevoir et animer une formation aupr\u00e8s d&rsquo;un public adulte<\/p>\n\n\n\n<p><strong>OBJECTIFS P\u00c9DAGOGIQUES<\/strong><\/p>\n\n\n\n<p>Acqu\u00e9rir les bases de la p\u00e9dagogie pour adultes<\/p>\n\n\n\n<p>S\u2019entra\u00eener \u00e0 la pr\u00e9paration, la conduite et le suivi\nd\u2019une action de formation.<\/p>\n\n\n\n<p>Se conna\u00eetre en tant que formateur<\/p>\n\n\n\n<p>Am\u00e9liorer sa relation p\u00e9dagogique. <\/p>\n\n\n\n<p><strong>PUBLIC CONCERNE<\/strong><\/p>\n\n\n\n<p>Toute collaborateur amen\u00e9 \u00e0 animer une formation pour adultes<\/p>\n\n\n\n<p><strong>PRE-REQUIS<\/strong><\/p>\n\n\n\n<p>Aucun.<\/p>\n\n\n\n<p><strong>ORGANISATION<\/strong><\/p>\n\n\n\n<p><strong>Dur\u00e9e&nbsp;: <\/strong>4 jours (28 heures) en 2 X 2 jours espac\u00e9es de 3 \u00e0 4 semaines<\/p>\n\n\n\n<p><strong>Lieu de formation&nbsp;:<\/strong> dans votre\nentreprise<\/p>\n\n\n\n<p><strong>D\u00e9lais d\u2019acc\u00e8s&nbsp;\u00e0 la formation : &nbsp;<\/strong>g\u00e9n\u00e9ralement d\u2019une \u00e0 trois semaines (nous\nconsulter) <\/p>\n\n\n\n<p><strong>CONTENU DE FORMATION&nbsp;:<\/strong><\/p>\n\n\n\n<p><strong>PROGRAMME<\/strong><\/p>\n\n\n\n<p>1) <strong>D\u00e9finir la notion de formation <\/strong><\/p>\n\n\n\n<p>L\u2019acte\nd\u2019apprentissage <\/p>\n\n\n\n<p>La posture du\nformateur (r\u00f4le dans la transmission des connaissances)<\/p>\n\n\n\n<p>Les m\u00e9thodes,\ntechniques, aides p\u00e9dagogiques<\/p>\n\n\n\n<p><strong>2) Construire une s\u00e9quence de formation <\/strong><\/p>\n\n\n\n<p>Les diff\u00e9rents\nobjectifs (op\u00e9rationnels, p\u00e9dagogiques)<\/p>\n\n\n\n<p>Quelques\nrappels sur la notion de comp\u00e9tences<\/p>\n\n\n\n<p>Le guide de l\u2019animateur (\u00e9laboration du story-board)<\/p>\n\n\n\n<p><strong>3) Animer une s\u00e9quence de formation<\/strong><\/p>\n\n\n\n<p>Ma\u00eetriser les\ndiff\u00e9rentes techniques d\u2019animation (avantages et limites des diff\u00e9rentes\nm\u00e9thodes)<\/p>\n\n\n\n<p>Savoir\ntransmettre des connaissances et faciliter l\u2019apprentissage<\/p>\n\n\n\n<p>Adopter une\ncommunication efficace (\u00e9couter, reformuler, questionner)<\/p>\n\n\n\n<p>Savoir capter\nl\u2019auditoire (varier les outils et les supports)<\/p>\n\n\n\n<p>Conna\u00eetre les\ndifficult\u00e9s d\u2019un groupe en apprentissage <\/p>\n\n\n\n<p>Faire\nparticiper<\/p>\n\n\n\n<p>Faire produire<\/p>\n\n\n\n<p>G\u00e9rer le groupe<\/p>\n\n\n\n<p><strong>4) Ma\u00eetriser les principes d\u2019\u00e9valuation <\/strong><\/p>\n\n\n\n<p>Distinguer les\ndiff\u00e9rents types d\u2019\u00e9valuations<\/p>\n\n\n\n<p>Savoir\nanalyser sa pratique professionnelle<\/p>\n\n\n\n<p><strong>Information validation&nbsp;:<\/strong><\/p>\n\n\n\n<p>Attestation individuelle de formation<\/p>\n\n\n\n<p><strong>Qualifications des formateurs&nbsp;: <\/strong>Formateur expert ayant une exp\u00e9rience en entreprise et dont les comp\u00e9tences d&rsquo;animation sur cette th\u00e9matique sont reconnues. L&rsquo;approche p\u00e9dagogique propos\u00e9e est conforme \u00e0 la d\u00e9marche qualit\u00e9 de PHILAO.<\/p>\n\n\n\n<p><strong>Modalit\u00e9s p\u00e9dagogiques&nbsp;: <\/strong><\/p>\n\n\n\n<p><strong>P\u00e9dagogie participative&nbsp;: <\/strong>mises  en situation&nbsp;; travaux en sous-groupes&nbsp;; jeux&nbsp;; simulations&nbsp;;  ajustements  s\u2019appuyant sur les renseignements tir\u00e9s des exp\u00e9riences  v\u00e9cues par le groupe <\/p>\n\n\n\n<p><strong>Modalit\u00e9s d&rsquo;\u00e9valuations&nbsp;:&nbsp; <\/strong><\/p>\n\n\n\n<p>\u00c9valuation syst\u00e9matique des connaissances acquises en fin de formation (QCM d\u00e9but et fin de formation).<\/p>\n\n\n\n<p><strong>Accessibilit\u00e9 aux personnes handicap\u00e9es&nbsp;: <\/strong>nous consulter<\/p>\n\n\n\n<p class=\"has-luminous-vivid-orange-color has-text-color\"><strong>100 % des apprenants se d\u00e9clarent satisfaits ou tr\u00e8s satisfaits \u00e0 l&rsquo;issue de la formation ! *<\/strong><\/p>\n\n\n\n<p>*mesure effectu\u00e9e \u00e0 partir des questionnaires \u00e9crits remplis par les apprenants ayant suivi cette formation en 2025<\/p>\n\n\n\n<p><strong>Tarif : <\/strong>nous consulter<\/p>\n\n\n<p><!--EndFragment--><\/p>\n\n\n<p>Le 6 janvier 2026<\/p>\n","protected":false},"excerpt":{"rendered":"<p>OBJECTIFS DE FORMATION Apprendre \u00e0 concevoir et animer une formation aupr\u00e8s d&rsquo;un public adulte OBJECTIFS P\u00c9DAGOGIQUES Acqu\u00e9rir les bases de la p\u00e9dagogie pour adultes S\u2019entra\u00eener \u00e0 la pr\u00e9paration, la conduite &#8230;<\/p>\n","protected":false},"author":1,"featured_media":0,"parent":0,"menu_order":0,"comment_status":"closed","ping_status":"closed","template":"","meta":{"_monsterinsights_skip_tracking":false,"_monsterinsights_sitenote_active":false,"_monsterinsights_sitenote_note":"","_monsterinsights_sitenote_category":0,"footnotes":""},"_links":{"self":[{"href":"http:\/\/philao.fr\/index.php?rest_route=\/wp\/v2\/pages\/1539"}],"collection":[{"href":"http:\/\/philao.fr\/index.php?rest_route=\/wp\/v2\/pages"}],"about":[{"href":"http:\/\/philao.fr\/index.php?rest_route=\/wp\/v2\/types\/page"}],"author":[{"embeddable":true,"href":"http:\/\/philao.fr\/index.php?rest_route=\/wp\/v2\/users\/1"}],"replies":[{"embeddable":true,"href":"http:\/\/philao.fr\/index.php?rest_route=%2Fwp%2Fv2%2Fcomments&post=1539"}],"version-history":[{"count":15,"href":"http:\/\/philao.fr\/index.php?rest_route=\/wp\/v2\/pages\/1539\/revisions"}],"predecessor-version":[{"id":2145,"href":"http:\/\/philao.fr\/index.php?rest_route=\/wp\/v2\/pages\/1539\/revisions\/2145"}],"wp:attachment":[{"href":"http:\/\/philao.fr\/index.php?rest_route=%2Fwp%2Fv2%2Fmedia&parent=1539"}],"curies":[{"name":"wp","href":"https:\/\/api.w.org\/{rel}","templated":true}]}}