{"id":170,"date":"2017-08-16T17:01:05","date_gmt":"2017-08-16T15:01:05","guid":{"rendered":"http:\/\/philao.fr\/?page_id=170"},"modified":"2026-01-19T16:24:56","modified_gmt":"2026-01-19T15:24:56","slug":"le-coaching","status":"publish","type":"page","link":"http:\/\/philao.fr\/?page_id=170","title":{"rendered":"le coaching et la formation"},"content":{"rendered":"<h4 style=\"text-align: center;\"><strong>Le Coaching, de quoi s&rsquo;agit il ?<\/strong><\/h4>\n<p>Nous sommes tous anim\u00e9s par le d\u00e9sir de nous r\u00e9aliser professionnellement, dans le respect de nos valeurs, de nos convictions, acquises et\/ou construites tout au long de la vie.<\/p>\n<p>Dans cette perspective, nous avons besoin de nous mettre en mouvement malgr\u00e9 des doutes et des croyances qui peuvent freiner notre progression.<\/p>\n<p>En s&rsquo;appuyant sur les ressources de chacun, le coaching permet d&rsquo;explorer des voies possibles pour s&rsquo;engager pleinement et efficacement dans un projet individuel (<a href=\"http:\/\/philao.fr\/?page_id=172\">coaching individuel<\/a>) ou collectif (<a href=\"http:\/\/philao.fr\/?page_id=174\">coaching d&rsquo;\u00e9quipe<\/a>)&#8230;&#8230;<\/p>\n<p><img loading=\"lazy\" decoding=\"async\" class=\"wp-image-436 \" src=\"http:\/\/philao.fr\/wp-content\/uploads\/2017\/08\/IMG_20170903_152345-e1504642069968-300x79.jpg\" alt=\"\" width=\"775\" height=\"203\" srcset=\"http:\/\/philao.fr\/wp-content\/uploads\/2017\/08\/IMG_20170903_152345-e1504642069968-300x79.jpg 300w, http:\/\/philao.fr\/wp-content\/uploads\/2017\/08\/IMG_20170903_152345-e1504642069968-768x202.jpg 768w, http:\/\/philao.fr\/wp-content\/uploads\/2017\/08\/IMG_20170903_152345-e1504642069968-1024x269.jpg 1024w\" sizes=\"(max-width: 775px) 100vw, 775px\" \/><\/p>\n\n\n<p class=\"has-medium-font-size\"><strong>la formation : <\/strong><\/p>\n\n\n\n<h4 class=\"wp-block-heading\"><strong>PHILAO est organisme de formation enregistr\u00e9 sous le num\u00e9ro&nbsp;&nbsp; 53290889829, et certifi\u00e9 Qualiopi<\/strong><\/h4>\n\n\n\n<p><strong>&nbsp;&nbsp;&nbsp;&nbsp;&nbsp;&nbsp;&nbsp;&nbsp;&nbsp;&nbsp;&nbsp;&nbsp;&nbsp;&nbsp;&nbsp;&nbsp;&nbsp;&nbsp;&nbsp;&nbsp;&nbsp;&nbsp;&nbsp;&nbsp;&nbsp;&nbsp;&nbsp;&nbsp;&nbsp;&nbsp;&nbsp;&nbsp;&nbsp;&nbsp;&nbsp;&nbsp;&nbsp;&nbsp;&nbsp;&nbsp;&nbsp;&nbsp;&nbsp;&nbsp;&nbsp;&nbsp;&nbsp;&nbsp;&nbsp;&nbsp;&nbsp;&nbsp;&nbsp;&nbsp;&nbsp;&nbsp;&nbsp; &nbsp; &nbsp; &nbsp;&nbsp;&nbsp;&nbsp;&nbsp;&nbsp;&nbsp;&nbsp;&nbsp;&nbsp;&nbsp;&nbsp;&nbsp;&nbsp;&nbsp;&nbsp;&nbsp;&nbsp;&nbsp;&nbsp;&nbsp;&nbsp;&nbsp;&nbsp;&nbsp;&nbsp;&nbsp; <br><\/strong><\/p>\n\n\n\n<figure class=\"wp-block-image\"><img loading=\"lazy\" decoding=\"async\" width=\"300\" height=\"161\" src=\"http:\/\/philao.fr\/wp-content\/uploads\/2021\/08\/LogoQualiopi-Marianne-150dpi-31-300x161.jpg\" alt=\"\" class=\"wp-image-1641\" srcset=\"http:\/\/philao.fr\/wp-content\/uploads\/2021\/08\/LogoQualiopi-Marianne-150dpi-31-300x161.jpg 300w, http:\/\/philao.fr\/wp-content\/uploads\/2021\/08\/LogoQualiopi-Marianne-150dpi-31.jpg 317w\" sizes=\"(max-width: 300px) 100vw, 300px\" \/><\/figure>\n\n\n\n<p>la certification qualit\u00e9 a \u00e9t\u00e9 d\u00e9livr\u00e9e au titre de la cat\u00e9gorie d&rsquo;action suivante :<strong>&nbsp; ACTIONS DE FORMATION<\/strong><\/p>\n\n\n\n<p class=\"has-text-align-center has-black-color has-text-color has-link-color wp-elements-71c53915cf450ced3bf20f7c0c48e287\"><strong>la validit\u00e9 du certificat est disponible  <\/strong><\/p>\n\n\n\n<p class=\"has-text-align-center has-vivid-cyan-blue-color has-text-color has-link-color wp-elements-c9c6a0d2b96c06153efa7251b6b7fa99\"><strong><img decoding=\"async\" class=\"wp-image-2113\" style=\"width: NaNpx;\" src=\"http:\/\/philao.fr\/wp-content\/uploads\/2026\/01\/Certificat-Qualiopi-Mise-a-jour-le-10.05.20241.pdf\" alt=\"\"><a href=\"https:\/\/certifopac.fr\/qualiopi\/certification\/verification\/?siren=813136405\" data-type=\"link\" data-id=\"https:\/\/certifopac.fr\/qualiopi\/certification\/verification\/?siren=813136405\">IC<\/a><a href=\"https:\/\/philao.fr\/wp-content\/uploads\/2026\/01\/Certificat-Qualiopi-Mise-a-jour-le-10.05.2024.pdf\" data-type=\"attachment\" data-id=\"2116\">I<\/a><\/strong><\/p>\n\n\n\n<p><\/p>\n\n\n\n<ul>\n<li> L&rsquo;offre de formation s&rsquo;articule autour de trois th\u00e9matiques et se d\u00e9cline en programmes op\u00e9rationnels (<a href=\"http:\/\/philao.fr\/?page_id=164\">programmes et modalit\u00e9s accessibles par ici<\/a>) <\/li>\n<\/ul>\n\n\n\n<p class=\"has-text-align-center has-medium-font-size\">et pour mieux nous connaitre, consultez notre <a href=\"http:\/\/philao.fr\/wp-content\/uploads\/2024\/05\/reglement-interieur-philao.pdf\" data-type=\"attachment\" data-id=\"1919\">r\u00e8glement int\u00e9rieur<\/a><\/p>\n","protected":false},"excerpt":{"rendered":"<p>Le Coaching, de quoi s&rsquo;agit il ? Nous sommes tous anim\u00e9s par le d\u00e9sir de nous r\u00e9aliser professionnellement, dans le respect de nos valeurs, de nos convictions, acquises et\/ou construites &#8230;<\/p>\n","protected":false},"author":1,"featured_media":0,"parent":113,"menu_order":0,"comment_status":"closed","ping_status":"closed","template":"","meta":{"_monsterinsights_skip_tracking":false,"_monsterinsights_sitenote_active":false,"_monsterinsights_sitenote_note":"","_monsterinsights_sitenote_category":0,"footnotes":""},"_links":{"self":[{"href":"http:\/\/philao.fr\/index.php?rest_route=\/wp\/v2\/pages\/170"}],"collection":[{"href":"http:\/\/philao.fr\/index.php?rest_route=\/wp\/v2\/pages"}],"about":[{"href":"http:\/\/philao.fr\/index.php?rest_route=\/wp\/v2\/types\/page"}],"author":[{"embeddable":true,"href":"http:\/\/philao.fr\/index.php?rest_route=\/wp\/v2\/users\/1"}],"replies":[{"embeddable":true,"href":"http:\/\/philao.fr\/index.php?rest_route=%2Fwp%2Fv2%2Fcomments&post=170"}],"version-history":[{"count":22,"href":"http:\/\/philao.fr\/index.php?rest_route=\/wp\/v2\/pages\/170\/revisions"}],"predecessor-version":[{"id":2164,"href":"http:\/\/philao.fr\/index.php?rest_route=\/wp\/v2\/pages\/170\/revisions\/2164"}],"up":[{"embeddable":true,"href":"http:\/\/philao.fr\/index.php?rest_route=\/wp\/v2\/pages\/113"}],"wp:attachment":[{"href":"http:\/\/philao.fr\/index.php?rest_route=%2Fwp%2Fv2%2Fmedia&parent=170"}],"curies":[{"name":"wp","href":"https:\/\/api.w.org\/{rel}","templated":true}]}}