{"id":1779,"date":"2023-03-08T09:31:31","date_gmt":"2023-03-08T08:31:31","guid":{"rendered":"http:\/\/philao.fr\/?page_id=1779"},"modified":"2025-07-01T18:28:46","modified_gmt":"2025-07-01T16:28:46","slug":"la-gestalt-cest-quoi","status":"publish","type":"page","link":"http:\/\/philao.fr\/?page_id=1779","title":{"rendered":"la Gestalt Th\u00e9rapie"},"content":{"rendered":"\n<p> La Gestalt  Th\u00e9rapie fait partie des courants humanistes, qui consid\u00e8rent que tout \u00eatre humain  poss\u00e8de les capacit\u00e9s \u00e0 trouver ses propres solutions et dispose des moyens n\u00e9cessaires pour cro\u00eetre tout au long de sa vie. Le terme \u00ab\u00a0Gestalt\u00a0\u00bb d\u00e9signe une \u00ab\u00a0Forme\u00a0\u00bb en allemand : <\/p>\n\n\n\n<p>Il s&rsquo;agit de  questionner notre mani\u00e8re unique et singuli\u00e8re d&rsquo;entrer en \u00ab\u00a0<strong>Contact<\/strong>\u00a0\u00bb avec le monde dans lequel nous \u00e9voluons : quelles formes prennent nos relations ? comment interagissons nous  avec notre environnement ?. La Gestalt Th\u00e9rapie vise alors \u00e0 soutenir notre engagement libre et responsable, en stimulant  nos capacit\u00e9s \u00e0 nous ajuster  de mani\u00e8re cr\u00e9ative pour oser emprunter d&rsquo;autres voies, d&rsquo;autres formes de contact.<\/p>\n\n\n\n<p><strong>\u00a8Dans quelles situations consulter ?<\/strong><\/p>\n\n\n\n<p> En cas de difficult\u00e9s relationnelles, professionnelles et\/ou personnelles,<\/p>\n\n\n\n<p> Un besoin de mettre du sens sur ce qui m&rsquo;arrive, <\/p>\n\n\n\n<p>un sentiment d&rsquo;impasse, de blocage <\/p>\n\n\n\n<p>Une \u00e9tape ou un \u00e9v\u00e9nement difficile \u00e0 surmonter &#8230;.<\/p>\n\n\n\n<p><strong>Comment se d\u00e9roule une s\u00e9ance de Gestalt Th\u00e9rapie ?<\/strong><\/p>\n\n\n\n<p>Chaque s\u00e9ance est unique, et invite le la patient.e a \u00ab\u00a0d\u00e9plier\u00a0\u00bb une situation v\u00e9cue aupr\u00e8s du th\u00e9rapeute. C&rsquo;est l&rsquo;occasion d&rsquo;explorer les dimensions corporelles, \u00e9motionnelles et mentales afin de prendre conscience de nos modes de fonctionnement, de ce qui nous soutient, ou au contraire nous emp\u00eache . A travers des propositions d&rsquo;exp\u00e9rimentations, nous explorerons d&rsquo;autres voies possibles pour \u00ab\u00a0mettre \u00e0 jour nos processus\u00a0\u00bb et nous d\u00e9ployer et cro\u00eetre.<\/p>\n\n\n\n<p><strong>Concr\u00e8tement, comment \u00e7\u00e0 se passe ?<\/strong><\/p>\n\n\n\n<p>Chaque s\u00e9ance dure 45 mn, en pr\u00e9sentiel, au tarif de 60 euros. Elles se d\u00e9roulent  8 Venelle au Beurre \u00e0 Morlaix. Les deux ou trois premi\u00e8res s\u00e9ances visent \u00e0 pr\u00e9ciser vos besoins et attentes, le rythme des s\u00e9ances (hebdomadaire ou bi mensuel), et permettent de valider un engagement mutuel qui s&rsquo;inscrit dans la dur\u00e9e.<\/p>\n\n\n\n<p>i<strong>nfos pratiques : <\/strong><\/p>\n\n\n\n<p>Accessible par les transports en commun : <\/p>\n\n\n\n<p> Navette gratuite depuis la p\u00e9riph\u00e9rie de Morlaix, <\/p>\n\n\n\n<p>\u00e0 10 mn \u00e0 pied de la Gare SNCF et routi\u00e8re de Morlaix <\/p>\n\n\n\n<p>Parking payant Place Allende, parkings \u00ab\u00a0zone bleue\u00a0\u00bb \u00e0 proximit\u00e9<\/p>\n\n\n\n<figure class=\"wp-block-gallery has-nested-images columns-default is-cropped wp-block-gallery-1 is-layout-flex wp-block-gallery-is-layout-flex\"><\/figure>\n\n\n\n<p class=\"has-text-align-center has-medium-font-size\">Et pour savoir plus, La Gestalt Th\u00e9rapie en 20 diapos<\/p>\n\n\n\n<p class=\"has-text-align-center\"><a href=\"http:\/\/philao.fr\/wp-content\/uploads\/2023\/03\/Gestalt-pecha-cucha-2.pdf\">http:\/\/philao.fr\/wp-content\/uploads\/2023\/03\/Gestalt-pecha-cucha-2.pdf<\/a><\/p>\n","protected":false},"excerpt":{"rendered":"<p>La Gestalt Th\u00e9rapie fait partie des courants humanistes, qui consid\u00e8rent que tout \u00eatre humain poss\u00e8de les capacit\u00e9s \u00e0 trouver ses propres solutions et dispose des moyens n\u00e9cessaires pour cro\u00eetre tout &#8230;<\/p>\n","protected":false},"author":1,"featured_media":1984,"parent":0,"menu_order":0,"comment_status":"closed","ping_status":"closed","template":"","meta":{"_monsterinsights_skip_tracking":false,"_monsterinsights_sitenote_active":false,"_monsterinsights_sitenote_note":"","_monsterinsights_sitenote_category":0,"footnotes":""},"_links":{"self":[{"href":"http:\/\/philao.fr\/index.php?rest_route=\/wp\/v2\/pages\/1779"}],"collection":[{"href":"http:\/\/philao.fr\/index.php?rest_route=\/wp\/v2\/pages"}],"about":[{"href":"http:\/\/philao.fr\/index.php?rest_route=\/wp\/v2\/types\/page"}],"author":[{"embeddable":true,"href":"http:\/\/philao.fr\/index.php?rest_route=\/wp\/v2\/users\/1"}],"replies":[{"embeddable":true,"href":"http:\/\/philao.fr\/index.php?rest_route=%2Fwp%2Fv2%2Fcomments&post=1779"}],"version-history":[{"count":17,"href":"http:\/\/philao.fr\/index.php?rest_route=\/wp\/v2\/pages\/1779\/revisions"}],"predecessor-version":[{"id":2032,"href":"http:\/\/philao.fr\/index.php?rest_route=\/wp\/v2\/pages\/1779\/revisions\/2032"}],"wp:featuredmedia":[{"embeddable":true,"href":"http:\/\/philao.fr\/index.php?rest_route=\/wp\/v2\/media\/1984"}],"wp:attachment":[{"href":"http:\/\/philao.fr\/index.php?rest_route=%2Fwp%2Fv2%2Fmedia&parent=1779"}],"curies":[{"name":"wp","href":"https:\/\/api.w.org\/{rel}","templated":true}]}}