{"id":2057,"date":"2025-07-10T17:23:55","date_gmt":"2025-07-10T15:23:55","guid":{"rendered":"https:\/\/philao.fr\/?page_id=2057"},"modified":"2026-01-14T15:48:58","modified_gmt":"2026-01-14T14:48:58","slug":"reussir-son-tutorat-le-jeu","status":"publish","type":"page","link":"http:\/\/philao.fr\/?page_id=2057","title":{"rendered":"R\u00e9ussir son tutorat : le jeu !"},"content":{"rendered":"\n<p class=\"has-text-align-center has-medium-font-size\"><strong>Vous &nbsp;souhaitez vous former \u00e0 l\u2019accueil, l&rsquo;int\u00e9gration, la mont\u00e9e en comp\u00e9tences des nouveaux salari\u00e9s, alternants, apprenants ? <\/strong><\/p>\n\n\n\n<p class=\"has-medium-font-size\">D\u00e9velopp\u00e9 sous un  format  \u00e0 la fois impliquant et ludique dans son approche, il permet de se familiariser avec les incontournables de la mission tutorale, de prendre conscience des attitudes soutenant le d\u00e9veloppement, l&rsquo;autonomie, l&rsquo;appropriation des comp\u00e9tences cl\u00e9s par la personne accompagn\u00e9e.<\/p>\n\n\n\n<p class=\"has-black-color has-text-color has-medium-font-size\"><\/p>\n\n\n\n<p class=\"has-text-align-center has-pale-cyan-blue-color has-text-color has-link-color has-medium-font-size wp-elements-32c37c5d738e67104dc778cde7aba0a5\">(<strong>Re) visitez les fondamentaux de la mission tutorale gr\u00e2ce \u00e0 la ludop\u00e9dagogie : <\/strong><\/p>\n\n\n\n<p class=\"has-medium-font-size\">R\u00e9parties en deux \u00e9quipes, le groupe de formation est immerg\u00e9 dans un parcours en 5 \u00e9tapes, dans lequel ils devront puiser dans des <strong>ressources<\/strong> pour assumer pleinement leur mission, et devront faire face \u00e0 des <strong>\u00e9v\u00e8nements<\/strong> qui jalonneront leurs parcours, <\/p>\n\n\n\n<p class=\"has-medium-font-size\">pour faciliter les prises de conscience et faciliter les apprentissages, un <strong>carnet de bord <\/strong>leur permet de suivre pas \u00e0 pas leur progression, les invite \u00e0 clarifier leurs intentions, s\u00e9lectionner les outils et postures pertinents, encourage l&rsquo;<strong>auto \u00e9valuation<\/strong> et mobilise les <strong>feed backs crois\u00e9s<\/strong> entre les \u00e9quipes de joueurs puis adopter les comportements facilitant les apprentissages.<\/p>\n\n\n\n<p class=\"has-medium-font-size\"><strong>Principes et intentions<\/strong> : balayer le temps de la formation l&rsquo;int\u00e9gralit\u00e9 du parcours de tutorat, depuis l&rsquo;accueil, jusqu&rsquo;au bilan final.<\/p>\n\n\n\n<p class=\"has-medium-font-size\"><strong>Objectifs : <\/strong>s&rsquo;exercer \u00e0 la pratique du tutorat et exp\u00e9rimenter la posture du tutor\u00e9.<\/p>\n\n\n\n<p class=\"has-medium-font-size\"><strong>Moyens <\/strong>: 5 \u00e9tapes cl\u00e9s du parcours, dans lesquels les joueurs doivent d\u00e9finir leurs intentions, s\u00e9lectionner les ressources ad\u00e9quates, et adopter les comportements facilitant la relation tutorale.<\/p>\n\n\n\n<p class=\"has-text-align-center has-luminous-vivid-orange-color has-text-color has-medium-font-size\"><strong>Vous souhaitez en savoir plus ? Contactez nous ! <\/strong><\/p>\n\n\n\n<p>le 6 janvier 2026<\/p>\n\n\n\n<p><\/p>\n\n\n\n<p><\/p>\n\n\n\n<figure class=\"wp-block-image\"><img loading=\"lazy\" decoding=\"async\" width=\"2560\" height=\"1171\" src=\"http:\/\/philao.fr\/wp-content\/uploads\/2025\/07\/tutorat-jeu-scaled.jpg\" alt=\"\" class=\"wp-image-2075\" srcset=\"http:\/\/philao.fr\/wp-content\/uploads\/2025\/07\/tutorat-jeu-scaled.jpg 2560w, http:\/\/philao.fr\/wp-content\/uploads\/2025\/07\/tutorat-jeu-300x137.jpg 300w, http:\/\/philao.fr\/wp-content\/uploads\/2025\/07\/tutorat-jeu-1024x468.jpg 1024w, http:\/\/philao.fr\/wp-content\/uploads\/2025\/07\/tutorat-jeu-768x351.jpg 768w, http:\/\/philao.fr\/wp-content\/uploads\/2025\/07\/tutorat-jeu-1536x703.jpg 1536w, http:\/\/philao.fr\/wp-content\/uploads\/2025\/07\/tutorat-jeu-2048x937.jpg 2048w\" sizes=\"(max-width: 2560px) 100vw, 2560px\" \/><\/figure>\n","protected":false},"excerpt":{"rendered":"<p>Vous &nbsp;souhaitez vous former \u00e0 l\u2019accueil, l&rsquo;int\u00e9gration, la mont\u00e9e en comp\u00e9tences des nouveaux salari\u00e9s, alternants, apprenants ? D\u00e9velopp\u00e9 sous un format \u00e0 la fois impliquant et ludique dans son approche, &#8230;<\/p>\n","protected":false},"author":1,"featured_media":0,"parent":0,"menu_order":0,"comment_status":"closed","ping_status":"closed","template":"","meta":{"_monsterinsights_skip_tracking":false,"_monsterinsights_sitenote_active":false,"_monsterinsights_sitenote_note":"","_monsterinsights_sitenote_category":0,"footnotes":""},"_links":{"self":[{"href":"http:\/\/philao.fr\/index.php?rest_route=\/wp\/v2\/pages\/2057"}],"collection":[{"href":"http:\/\/philao.fr\/index.php?rest_route=\/wp\/v2\/pages"}],"about":[{"href":"http:\/\/philao.fr\/index.php?rest_route=\/wp\/v2\/types\/page"}],"author":[{"embeddable":true,"href":"http:\/\/philao.fr\/index.php?rest_route=\/wp\/v2\/users\/1"}],"replies":[{"embeddable":true,"href":"http:\/\/philao.fr\/index.php?rest_route=%2Fwp%2Fv2%2Fcomments&post=2057"}],"version-history":[{"count":4,"href":"http:\/\/philao.fr\/index.php?rest_route=\/wp\/v2\/pages\/2057\/revisions"}],"predecessor-version":[{"id":2134,"href":"http:\/\/philao.fr\/index.php?rest_route=\/wp\/v2\/pages\/2057\/revisions\/2134"}],"wp:attachment":[{"href":"http:\/\/philao.fr\/index.php?rest_route=%2Fwp%2Fv2%2Fmedia&parent=2057"}],"curies":[{"name":"wp","href":"https:\/\/api.w.org\/{rel}","templated":true}]}}