{"id":172,"date":"2017-08-16T17:04:52","date_gmt":"2017-08-16T15:04:52","guid":{"rendered":"http:\/\/philao.fr\/?page_id=172"},"modified":"2017-09-05T22:21:53","modified_gmt":"2017-09-05T20:21:53","slug":"coaching-individuel","status":"publish","type":"page","link":"https:\/\/philao.fr\/?page_id=172","title":{"rendered":"le coaching individuel"},"content":{"rendered":"<p>&nbsp;<\/p>\n<p><strong>Apprendre\u00a0 \u00e0 :<\/strong><\/p>\n<p><b><img loading=\"lazy\" decoding=\"async\" class=\"wp-image-44 alignright\" src=\"http:\/\/philao.fr\/wp-content\/uploads\/2017\/07\/20160421_115127-300x169.jpg\" alt=\"\" width=\"319\" height=\"180\" srcset=\"https:\/\/philao.fr\/wp-content\/uploads\/2017\/07\/20160421_115127-300x169.jpg 300w, https:\/\/philao.fr\/wp-content\/uploads\/2017\/07\/20160421_115127-768x432.jpg 768w, https:\/\/philao.fr\/wp-content\/uploads\/2017\/07\/20160421_115127-1024x576.jpg 1024w\" sizes=\"(max-width: 319px) 100vw, 319px\" \/><\/b><\/p>\n<ul>\n<li><b>Rep\u00e9rer<\/b> les \u00e9tapes cl\u00e9s de son parcours professionnel<\/li>\n<li><b>Capitaliser <\/b>sur ses exp\u00e9riences<\/li>\n<li><b>Identifier <\/b>ses piliers et <b>s\u2019appuyer <\/b>sur ses ressources<\/li>\n<\/ul>\n<p>&nbsp;<\/p>\n<p><strong>Comment ?<\/strong><\/p>\n<p>En partageant un espace d\u2019<b>exp\u00e9rimentation, <\/b>en s\u00e9curit\u00e9,<\/p>\n<p>dans une <b>relation confidentielle,<\/b><\/p>\n<p>pour (re)d\u00e9couvrir ses <b>potentialit\u00e9s <\/b>et faire \u00e9merger <strong>une solution singuli\u00e8re<\/strong><\/p>\n<p>&nbsp;<\/p>\n<p><b>Pour mieux &#8230;..<\/b><\/p>\n<p><b><img loading=\"lazy\" decoding=\"async\" class=\"wp-image-91 alignright\" src=\"http:\/\/philao.fr\/wp-content\/uploads\/2017\/07\/cropped-fond-philao-e1504105769970-300x149.png\" alt=\"\" width=\"325\" height=\"161\" srcset=\"https:\/\/philao.fr\/wp-content\/uploads\/2017\/07\/cropped-fond-philao-e1504105769970-300x150.png 300w, https:\/\/philao.fr\/wp-content\/uploads\/2017\/07\/cropped-fond-philao-e1504105769970-768x382.png 768w, https:\/\/philao.fr\/wp-content\/uploads\/2017\/07\/cropped-fond-philao-e1504105769970.png 948w\" sizes=\"(max-width: 325px) 100vw, 325px\" \/><\/b><\/p>\n<ul>\n<li><b>Se projeter <\/b>et construire un plan d\u2019action structurant<\/li>\n<li><b>Oser<\/b> des pratiques in\u00e9dites<\/li>\n<li><b>Int\u00e9grer <\/b>de nouvelles postures professionnelles, plus justes<\/li>\n<li><b>Se mettre en mouvement <\/b>en conscience, dans le respect de ses valeurs<\/li>\n<\/ul>\n","protected":false},"excerpt":{"rendered":"<p>&nbsp; Apprendre\u00a0 \u00e0 : Rep\u00e9rer les \u00e9tapes cl\u00e9s de son parcours professionnel Capitaliser sur ses exp\u00e9riences Identifier ses piliers et s\u2019appuyer sur ses ressources &nbsp; Comment ? En partageant un &#8230;<\/p>\n","protected":false},"author":1,"featured_media":0,"parent":0,"menu_order":0,"comment_status":"closed","ping_status":"closed","template":"","meta":{"_monsterinsights_skip_tracking":false,"_monsterinsights_sitenote_active":false,"_monsterinsights_sitenote_note":"","_monsterinsights_sitenote_category":0,"footnotes":""},"_links":{"self":[{"href":"https:\/\/philao.fr\/index.php?rest_route=\/wp\/v2\/pages\/172"}],"collection":[{"href":"https:\/\/philao.fr\/index.php?rest_route=\/wp\/v2\/pages"}],"about":[{"href":"https:\/\/philao.fr\/index.php?rest_route=\/wp\/v2\/types\/page"}],"author":[{"embeddable":true,"href":"https:\/\/philao.fr\/index.php?rest_route=\/wp\/v2\/users\/1"}],"replies":[{"embeddable":true,"href":"https:\/\/philao.fr\/index.php?rest_route=%2Fwp%2Fv2%2Fcomments&post=172"}],"version-history":[{"count":4,"href":"https:\/\/philao.fr\/index.php?rest_route=\/wp\/v2\/pages\/172\/revisions"}],"predecessor-version":[{"id":443,"href":"https:\/\/philao.fr\/index.php?rest_route=\/wp\/v2\/pages\/172\/revisions\/443"}],"wp:attachment":[{"href":"https:\/\/philao.fr\/index.php?rest_route=%2Fwp%2Fv2%2Fmedia&parent=172"}],"curies":[{"name":"wp","href":"https:\/\/api.w.org\/{rel}","templated":true}]}}