{"id":174,"date":"2017-08-16T17:09:51","date_gmt":"2017-08-16T15:09:51","guid":{"rendered":"http:\/\/philao.fr\/?page_id=174"},"modified":"2017-09-05T22:34:26","modified_gmt":"2017-09-05T20:34:26","slug":"coaching-dequipe","status":"publish","type":"page","link":"https:\/\/philao.fr\/?page_id=174","title":{"rendered":"le coaching d&rsquo;\u00e9quipe"},"content":{"rendered":"<p><strong>Quand l&rsquo;organisation &#8230;..<\/strong><\/p>\n<p>per\u00e7oit des <strong>opportunit\u00e9s<\/strong> de d\u00e9veloppement et des <strong>menaces <\/strong>et qu&rsquo;elle ressent le besoin de :<img loading=\"lazy\" decoding=\"async\" class=\"alignnone wp-image-147 alignright\" src=\"http:\/\/philao.fr\/wp-content\/uploads\/2017\/08\/garde-2-philao-300x170.png\" alt=\"\" width=\"348\" height=\"197\" srcset=\"https:\/\/philao.fr\/wp-content\/uploads\/2017\/08\/garde-2-philao-300x170.png 300w, https:\/\/philao.fr\/wp-content\/uploads\/2017\/08\/garde-2-philao-768x435.png 768w, https:\/\/philao.fr\/wp-content\/uploads\/2017\/08\/garde-2-philao-1024x580.png 1024w, https:\/\/philao.fr\/wp-content\/uploads\/2017\/08\/garde-2-philao.png 1163w\" sizes=\"(max-width: 348px) 100vw, 348px\" \/><\/p>\n<ul>\n<li><b>clarifier<\/b> les priorit\u00e9s et <b>dissiper<\/b> les malentendus<\/li>\n<li><b>convertir <\/b>collectivement des <b>co\u00fbts cach\u00e9s <\/b>en performance<\/li>\n<li><b>accro\u00eetre <\/b>l\u2019autonomie des \u00e9quipes et<b> synchroniser <\/b>les acteurs<\/li>\n<li><b>stimuler<\/b> la cr\u00e9ation de potentiel<i> <\/i><\/li>\n<\/ul>\n<p>&nbsp;<\/p>\n<p><strong>Comment ?<\/strong><\/p>\n<p>En <b>explorant les modalit\u00e9s <\/b>de fonctionnement de l\u2019\u00e9quipe, en <b>coconstruisant<\/b><b> <\/b>un syst\u00e8me\u00a0 sp\u00e9cifique d\u2019\u00e9changes, de concertation et d\u2019exp\u00e9rimentation, afin de <b>visualiser <\/b>et de <b>s\u2019engager <\/b>dans un <b>futur partag\u00e9\u00a0 <\/b>et<b> stimulant <\/b><\/p>\n<h5><\/h5>\n<p>&nbsp;<\/p>\n<p><strong>Pour mieux<\/strong><\/p>\n<ul>\n<li><b>Fluidifier<\/b> l\u2019animation des \u00e9quipes au quotidien<img loading=\"lazy\" decoding=\"async\" class=\" wp-image-328 alignright\" src=\"http:\/\/philao.fr\/wp-content\/uploads\/2017\/07\/20160420_105152-1-300x169.jpg\" alt=\"\" width=\"353\" height=\"199\" srcset=\"https:\/\/philao.fr\/wp-content\/uploads\/2017\/07\/20160420_105152-1-300x169.jpg 300w, https:\/\/philao.fr\/wp-content\/uploads\/2017\/07\/20160420_105152-1-768x432.jpg 768w, https:\/\/philao.fr\/wp-content\/uploads\/2017\/07\/20160420_105152-1-1024x576.jpg 1024w\" sizes=\"(max-width: 353px) 100vw, 353px\" \/><\/li>\n<li><b>Stimuler<\/b> l\u2019autonomie et la d\u00e9l\u00e9gation concert\u00e9e<\/li>\n<li><b>Implanter<\/b> durablement les principes de l\u2019am\u00e9lioration continue dans les ateliers<\/li>\n<li><b>\u00c9laborer <\/b>un projet d\u2019entreprise et le <b>d\u00e9ployer<\/b><\/li>\n<li><b>Faciliter<\/b> l\u2019appropriation et la r\u00e9ussite de la strat\u00e9gie \u00e0 tous les niveaux hi\u00e9rarchiques<\/li>\n<\/ul>\n","protected":false},"excerpt":{"rendered":"<p>Quand l&rsquo;organisation &#8230;.. per\u00e7oit des opportunit\u00e9s de d\u00e9veloppement et des menaces et qu&rsquo;elle ressent le besoin de : clarifier les priorit\u00e9s et dissiper les malentendus convertir collectivement des co\u00fbts cach\u00e9s &#8230;<\/p>\n","protected":false},"author":1,"featured_media":0,"parent":0,"menu_order":0,"comment_status":"closed","ping_status":"closed","template":"","meta":{"_monsterinsights_skip_tracking":false,"_monsterinsights_sitenote_active":false,"_monsterinsights_sitenote_note":"","_monsterinsights_sitenote_category":0,"footnotes":""},"_links":{"self":[{"href":"https:\/\/philao.fr\/index.php?rest_route=\/wp\/v2\/pages\/174"}],"collection":[{"href":"https:\/\/philao.fr\/index.php?rest_route=\/wp\/v2\/pages"}],"about":[{"href":"https:\/\/philao.fr\/index.php?rest_route=\/wp\/v2\/types\/page"}],"author":[{"embeddable":true,"href":"https:\/\/philao.fr\/index.php?rest_route=\/wp\/v2\/users\/1"}],"replies":[{"embeddable":true,"href":"https:\/\/philao.fr\/index.php?rest_route=%2Fwp%2Fv2%2Fcomments&post=174"}],"version-history":[{"count":7,"href":"https:\/\/philao.fr\/index.php?rest_route=\/wp\/v2\/pages\/174\/revisions"}],"predecessor-version":[{"id":448,"href":"https:\/\/philao.fr\/index.php?rest_route=\/wp\/v2\/pages\/174\/revisions\/448"}],"wp:attachment":[{"href":"https:\/\/philao.fr\/index.php?rest_route=%2Fwp%2Fv2%2Fmedia&parent=174"}],"curies":[{"name":"wp","href":"https:\/\/api.w.org\/{rel}","templated":true}]}}