{"id":279,"date":"2017-08-22T12:08:18","date_gmt":"2017-08-22T10:08:18","guid":{"rendered":"http:\/\/philao.fr\/?page_id=279"},"modified":"2017-09-05T23:43:48","modified_gmt":"2017-09-05T21:43:48","slug":"les-cartes-pour-se-dire","status":"publish","type":"page","link":"https:\/\/philao.fr\/?page_id=279","title":{"rendered":"les cartes et les territoires"},"content":{"rendered":"<p>Les cartes, un outil compl\u00e9mentaire pour faciliter l&rsquo;ouverture, stimuler sa cr\u00e9ativit\u00e9, et se connecter \u00e0 son intuition.<\/p>\n<p style=\"text-align: left;\"><img loading=\"lazy\" decoding=\"async\" class=\"wp-image-280 alignleft\" src=\"http:\/\/philao.fr\/wp-content\/uploads\/2017\/08\/cartes-204x300.png\" alt=\"\" width=\"242\" height=\"356\" srcset=\"https:\/\/philao.fr\/wp-content\/uploads\/2017\/08\/cartes-204x300.png 204w, https:\/\/philao.fr\/wp-content\/uploads\/2017\/08\/cartes.png 482w\" sizes=\"(max-width: 242px) 100vw, 242px\" \/><\/p>\n<p><img loading=\"lazy\" decoding=\"async\" class=\" wp-image-281 alignright\" src=\"http:\/\/philao.fr\/wp-content\/uploads\/2017\/08\/Cartes-2-253x300.png\" alt=\"\" width=\"293\" height=\"347\" srcset=\"https:\/\/philao.fr\/wp-content\/uploads\/2017\/08\/Cartes-2-253x300.png 253w, https:\/\/philao.fr\/wp-content\/uploads\/2017\/08\/Cartes-2.png 328w\" sizes=\"(max-width: 293px) 100vw, 293px\" \/><\/p>\n<p>&nbsp;<\/p>\n<p>&nbsp;<\/p>\n<p style=\"text-align: center;\">Elles\u00a0 nous emm\u00e8nent sur des chemins d\u00e9tourn\u00e9s &#8230;<\/p>\n<p>&nbsp;<\/p>\n<p style=\"text-align: center;\">pour nous montrer de\u00a0nouvelles pistes\u00a0 \u00e0 explorer&#8230;..<\/p>\n","protected":false},"excerpt":{"rendered":"<p>Les cartes, un outil compl\u00e9mentaire pour faciliter l&rsquo;ouverture, stimuler sa cr\u00e9ativit\u00e9, et se connecter \u00e0 son intuition. &nbsp; &nbsp; Elles\u00a0 nous emm\u00e8nent sur des chemins d\u00e9tourn\u00e9s &#8230; &nbsp; pour nous &#8230;<\/p>\n","protected":false},"author":1,"featured_media":0,"parent":0,"menu_order":0,"comment_status":"closed","ping_status":"closed","template":"","meta":{"_monsterinsights_skip_tracking":false,"_monsterinsights_sitenote_active":false,"_monsterinsights_sitenote_note":"","_monsterinsights_sitenote_category":0,"footnotes":""},"_links":{"self":[{"href":"https:\/\/philao.fr\/index.php?rest_route=\/wp\/v2\/pages\/279"}],"collection":[{"href":"https:\/\/philao.fr\/index.php?rest_route=\/wp\/v2\/pages"}],"about":[{"href":"https:\/\/philao.fr\/index.php?rest_route=\/wp\/v2\/types\/page"}],"author":[{"embeddable":true,"href":"https:\/\/philao.fr\/index.php?rest_route=\/wp\/v2\/users\/1"}],"replies":[{"embeddable":true,"href":"https:\/\/philao.fr\/index.php?rest_route=%2Fwp%2Fv2%2Fcomments&post=279"}],"version-history":[{"count":4,"href":"https:\/\/philao.fr\/index.php?rest_route=\/wp\/v2\/pages\/279\/revisions"}],"predecessor-version":[{"id":460,"href":"https:\/\/philao.fr\/index.php?rest_route=\/wp\/v2\/pages\/279\/revisions\/460"}],"wp:attachment":[{"href":"https:\/\/philao.fr\/index.php?rest_route=%2Fwp%2Fv2%2Fmedia&parent=279"}],"curies":[{"name":"wp","href":"https:\/\/api.w.org\/{rel}","templated":true}]}}