{"id":62,"date":"2025-07-02T08:50:51","date_gmt":"2025-07-02T06:50:51","guid":{"rendered":"http:\/\/philao.fr\/?page_id=62"},"modified":"2025-07-02T09:31:14","modified_gmt":"2025-07-02T07:31:14","slug":"accueil","status":"publish","type":"page","link":"https:\/\/philao.fr\/","title":{"rendered":"Accueil"},"content":{"rendered":"\n<p class=\"has-text-align-center has-large-font-size\"><strong>D\u00e9couvrez l<\/strong>e jeu \u00ab\u00a0R\u00e9ussir son tutorat\u00a0\u00bb<\/p>\n\n\n\n<p class=\"has-medium-font-size\"><strong>Vous \u00a0souhaitez vous former \u00e0 l\u2019accueil, l&rsquo;int\u00e9gration, la mont\u00e9e en comp\u00e9tences des nouveaux salari\u00e9s, alternants, apprenants ? <\/strong><\/p>\n\n\n\n<p class=\"has-medium-font-size\">D\u00e9velopp\u00e9 sous un  format  \u00e0 la fois impliquant et ludique dans son approche, il permet de se familiariser avec les incontournables de la mission tutorale, de prendre conscience des attitudes soutenant le d\u00e9veloppement, l&rsquo;autonomie, l&rsquo;appropriation des comp\u00e9tences cl\u00e9s par la personne accompagn\u00e9e.<\/p>\n\n\n\n<p class=\"has-black-color has-text-color has-medium-font-size\"><\/p>\n\n\n\n<p class=\"has-text-align-center has-luminous-vivid-orange-color has-text-color has-large-font-size\"><strong>Envie de renouvellement ? de tester un nouveau format de formation ? le jeu \u00ab\u00a0r\u00e9ussir son tutorat est fait pour vous !<\/strong><\/p>\n\n\n\n<p><\/p>\n\n\n\n<p class=\"has-text-align-center has-medium-font-size\">informations compl\u00e9mentaires : c&rsquo;est par <a href=\"https:\/\/philao.fr\/?page_id=2057\" data-type=\"page\" data-id=\"2057\">ici<\/a><\/p>\n","protected":false},"excerpt":{"rendered":"<p>D\u00e9couvrez le jeu \u00ab\u00a0R\u00e9ussir son tutorat\u00a0\u00bb Vous \u00a0souhaitez vous former \u00e0 l\u2019accueil, l&rsquo;int\u00e9gration, la mont\u00e9e en comp\u00e9tences des nouveaux salari\u00e9s, alternants, apprenants ? D\u00e9velopp\u00e9 sous un format \u00e0 la fois &#8230;<\/p>\n","protected":false},"author":1,"featured_media":1950,"parent":0,"menu_order":0,"comment_status":"closed","ping_status":"closed","template":"template-frontpage.php","meta":{"_monsterinsights_skip_tracking":false,"_monsterinsights_sitenote_active":false,"_monsterinsights_sitenote_note":"","_monsterinsights_sitenote_category":0,"footnotes":""},"_links":{"self":[{"href":"https:\/\/philao.fr\/index.php?rest_route=\/wp\/v2\/pages\/62"}],"collection":[{"href":"https:\/\/philao.fr\/index.php?rest_route=\/wp\/v2\/pages"}],"about":[{"href":"https:\/\/philao.fr\/index.php?rest_route=\/wp\/v2\/types\/page"}],"author":[{"embeddable":true,"href":"https:\/\/philao.fr\/index.php?rest_route=\/wp\/v2\/users\/1"}],"replies":[{"embeddable":true,"href":"https:\/\/philao.fr\/index.php?rest_route=%2Fwp%2Fv2%2Fcomments&post=62"}],"version-history":[{"count":9,"href":"https:\/\/philao.fr\/index.php?rest_route=\/wp\/v2\/pages\/62\/revisions"}],"predecessor-version":[{"id":2058,"href":"https:\/\/philao.fr\/index.php?rest_route=\/wp\/v2\/pages\/62\/revisions\/2058"}],"wp:featuredmedia":[{"embeddable":true,"href":"https:\/\/philao.fr\/index.php?rest_route=\/wp\/v2\/media\/1950"}],"wp:attachment":[{"href":"https:\/\/philao.fr\/index.php?rest_route=%2Fwp%2Fv2%2Fmedia&parent=62"}],"curies":[{"name":"wp","href":"https:\/\/api.w.org\/{rel}","templated":true}]}}